{"id":5839,"date":"2026-04-26T10:12:49","date_gmt":"2026-04-26T08:12:49","guid":{"rendered":"https:\/\/kokeshi-dori.fr\/?post_type=product&#038;p=5839"},"modified":"2026-04-26T10:12:49","modified_gmt":"2026-04-26T08:12:49","slug":"kokeshi-sosaku-daruma-yokusan-2","status":"publish","type":"product","link":"https:\/\/kokeshi-dori.fr\/index.php\/produit\/kokeshi-sosaku-daruma-yokusan-2\/","title":{"rendered":"Kokeshi S\u014dsaku Daruma \u2013 Yokusan \u7ffc\u5c71"},"content":{"rendered":"<p>Cette Kokeshi Daruma en bois naturel est une \u0153uvre S\u014dsaku sculpt\u00e9e avec force et sobri\u00e9t\u00e9 par l\u2019artisan Suizan, \u00e9galement connu sous le nom de Yokuzan (\u7fe0\u5c71).<\/p>\n<p>\ud83d\udd39Enti\u00e8rement r\u00e9alis\u00e9e \u00e0 la main, elle se distingue par un travail de sculpture en relief particuli\u00e8rement expressif, laissant le bois brut parler par lui-m\u00eame.<br \/>\n\ud83d\udd39Le visage volontairement s\u00e9v\u00e8re, aux sourcils fronc\u00e9s et aux traits profond\u00e9ment creus\u00e9s, incarne parfaitement l\u2019esprit du Daruma, symbole japonais de pers\u00e9v\u00e9rance, de d\u00e9termination et de r\u00e9silience.<br \/>\n\ud83d\udd39Le corps arrondi, compact et stable, renforce cette impression de solidit\u00e9 morale et spirituelle.<br \/>\n\ud83d\udd39Aucune polychromie : ici, l\u2019artisan a choisi la puret\u00e9 du bois et la ma\u00eetrise du ciseau pour transmettre l\u2019\u00e9motion.<\/p>\n<p>Une pi\u00e8ce \u00e0 la fois puissante et m\u00e9ditative, id\u00e9ale pour les amateurs de Kokeshi S\u014dsaku, de sculpture japonaise ou d\u2019objets symboliques charg\u00e9s de sens.<\/p>\n<p>\ud83d\udd0d \u00c9tat : Bon \u00e9tat g\u00e9n\u00e9ral, quelques traces d\u2019usure et patine qui ajoutent au charme vintage de la pi\u00e8ce et t\u00e9moigne de son \u00e2ge.<\/p>\n<p><strong><span style=\"text-decoration: underline;\">A Propos de l\u2019Artisan<\/span>\u00a0:<\/strong><\/p>\n<p class=\"whitespace-break-spaces\"><a href=\"https:\/\/kokeshi-dori.fr\/index.php\/produit\/kokeshi-sosaku-yokusan-1\/\">SUIZAN Shinobu<\/a> (aussi connu sous les noms de YOKUSAN ou SHIZAN) \u00e9tait un artisan japonais de Kokeshi S\u014dsaku\u00a0(cr\u00e9atives), originaire de la r\u00e9gion du T\u014dhoku. Bien que\u00a0<span class=\"followup-block followup-block-hidden cursor-pointer outline-none static inline group-hover\/message:[--hover-opacity:1]\" tabindex=\"0\" data-question=\"Quelles sont les rares informations biographiques connues sur Suizan Shinobu ?\" aria-haspopup=\"dialog\" aria-expanded=\"false\" aria-controls=\"radix-_r_5c_\" data-state=\"closed\">peu d\u2019informations biographiques d\u00e9taill\u00e9es<\/span>\u00a0soient disponibles, son \u0153uvre se distingue par un\u00a0<span class=\"followup-block followup-block-hidden cursor-pointer outline-none static inline group-hover\/message:[--hover-opacity:1]\" tabindex=\"0\" data-question=\"Comment le style de Suizan se distingue-t-il des autres artisans de kokeshi de son \u00e9poque ?\" aria-haspopup=\"dialog\" aria-expanded=\"false\" aria-controls=\"radix-_r_5d_\" data-state=\"closed\">style transitoire<\/span>, m\u00ealant des influences du style traditionnel T\u014dgatta \u00e0 une approche plus libre et expressive, caract\u00e9ristique des Kokeshi cr\u00e9atives. SUIZAN est reconnu pour sa technique de sculpture appel\u00e9e Harusame-bori, qui donne \u00e0 ses \u0153uvres une solidit\u00e9 et une d\u00e9finition remarquables, s\u00e9parant clairement le sujet du fond.<br \/>\nSes Kokeshi, toujours r\u00e9alis\u00e9es en bois de bouleau (Kabanoki) ou de cornouiller (Mizuki), se d\u00e9marquent par leur\u00a0<span class=\"followup-block followup-block-hidden cursor-pointer outline-none static inline group-hover\/message:[--hover-opacity:1]\" tabindex=\"0\" data-question=\"Quels sont les avantages artistiques ou techniques de l'absence de peinture dans ses \u0153uvres ?\" aria-haspopup=\"dialog\" aria-expanded=\"false\" aria-controls=\"radix-_r_5e_\" data-state=\"closed\">absence de peinture<\/span>\u00a0: SUIZAN privil\u00e9gie la beaut\u00e9 naturelle du bois, qu\u2019il sublime par des gravures d\u00e9taill\u00e9es. Ses th\u00e8mes sont vari\u00e9s et inspir\u00e9s, allant des masques de th\u00e9\u00e2tre N\u014d aux figures de Daruma (divinit\u00e9 populaire), en passant par des repr\u00e9sentations de d\u00e9mons (Oni), de chrysanth\u00e8mes, ou de fleurs d\u2019automne. Ces motifs, souvent symboliques, refl\u00e8tent une profondeur culturelle et une ma\u00eetrise technique qui ont s\u00e9duit les collectionneurs.<br \/>\nSUIZAN incarne ainsi une\u00a0<span class=\"followup-block followup-block-hidden cursor-pointer outline-none static inline group-hover\/message:[--hover-opacity:1]\" tabindex=\"0\" data-question=\"Quels \u00e9l\u00e9ments de ses \u0153uvres illustrent le mieux cette transition entre tradition et modernit\u00e9 ?\" aria-haspopup=\"dialog\" aria-expanded=\"false\" aria-controls=\"radix-_r_5f_\" data-state=\"closed\">transition entre tradition et modernit\u00e9<\/span>, avec des \u0153uvres qui, tout en s\u2019ancrant dans l\u2019h\u00e9ritage artisanal du Tohoku, explorent une expressivit\u00e9 plus personnelle et audacieuse. Ses Kokeshi, souvent consid\u00e9r\u00e9es comme des\u00a0<span class=\"followup-block followup-block-hidden cursor-pointer outline-none static inline group-hover\/message:[--hover-opacity:1]\" tabindex=\"0\" data-question=\"O\u00f9 peut-on trouver ou acheter aujourd'hui les kokeshi de Suizan Shinobu ?\" aria-haspopup=\"dialog\" aria-expanded=\"false\" aria-controls=\"radix-_r_5g_\" data-state=\"closed\">pi\u00e8ces de collection<\/span>, sont appr\u00e9ci\u00e9es pour leur originalit\u00e9 et leur raret\u00e9, faisant de lui une\u00a0<span class=\"followup-block followup-block-hidden cursor-pointer outline-none static inline group-hover\/message:[--hover-opacity:1]\" tabindex=\"0\" data-question=\"Pourquoi Suizan reste-t-il une figure myst\u00e9rieuse malgr\u00e9 son importance dans l'art des kokeshi ?\" aria-haspopup=\"dialog\" aria-expanded=\"false\" aria-controls=\"radix-_r_5h_\" data-state=\"closed\">figure marquante \u2014 bien que myst\u00e9rieuse<\/span>\u00a0\u2014 de l\u2019art des Kokeshi cr\u00e9atives<\/p>\n","protected":false},"excerpt":{"rendered":"<p><img decoding=\"async\" class=\"emoji\" role=\"img\" draggable=\"false\" src=\"https:\/\/s.w.org\/images\/core\/emoji\/16.0.1\/svg\/1f4cc.svg\" alt=\"\ud83d\udccc\" \/> R\u00e9f\u00e9rence produit : [KD-K-0580]<br \/>\n<img decoding=\"async\" class=\"emoji\" role=\"img\" draggable=\"false\" src=\"https:\/\/s.w.org\/images\/core\/emoji\/16.0.1\/svg\/1f38e.svg\" alt=\"\ud83c\udf8e\" \/>\u00a0Type : S\u014dsaku (Cr\u00e9ative)<br \/>\n<img decoding=\"async\" class=\"emoji\" role=\"img\" draggable=\"false\" src=\"https:\/\/s.w.org\/images\/core\/emoji\/16.0.1\/svg\/1f5fe.svg\" alt=\"\ud83d\uddfe\" \/>\u00a0Style \/ R\u00e9gion : T\u00f4hoku, Pr\u00e9fecture de Gunma<br \/>\n<img decoding=\"async\" class=\"emoji\" role=\"img\" draggable=\"false\" src=\"https:\/\/s.w.org\/images\/core\/emoji\/16.0.1\/svg\/1f3a8.svg\" alt=\"\ud83c\udfa8\" \/>\u00a0Artisan : Suizan AKA Yokuzan \u7ffc\u5c71<br \/>\n<img decoding=\"async\" class=\"emoji\" role=\"img\" draggable=\"false\" src=\"https:\/\/s.w.org\/images\/core\/emoji\/16.0.1\/svg\/1f4c5.svg\" alt=\"\ud83d\udcc5\" \/>\u00a0P\u00e9riode : \u00c8re Showa (\u662d\u548c)<\/p>\n<p><img decoding=\"async\" class=\"emoji\" role=\"img\" draggable=\"false\" src=\"https:\/\/s.w.org\/images\/core\/emoji\/16.0.1\/svg\/2728.svg\" alt=\"\u2728\" \/>\u00a0Kokeshi japonaise vintage \u2013 Authentique et artisanale\u00a0<img decoding=\"async\" class=\"emoji\" role=\"img\" draggable=\"false\" src=\"https:\/\/s.w.org\/images\/core\/emoji\/16.0.1\/svg\/2728.svg\" alt=\"\u2728\" \/><\/p>\n<p>Les Kokeshi sont des poup\u00e9es en bois traditionnelles japonaises, fabriqu\u00e9es \u00e0 la main par des artisans japonais qui transmettent leur savoir de g\u00e9n\u00e9ration en g\u00e9n\u00e9ration.<br \/>\nEn provenance directe du Japon, elles sont de v\u00e9ritables tr\u00e9sors vintage qui ont une histoire et une \u00e2me.<br \/>\nLeur authenticit\u00e9 se refl\u00e8te dans leurs petites imperfections (l\u00e9g\u00e8res d\u00e9colorations, discr\u00e8tes t\u00e2ches ou fines griffures) qui racontent leur pass\u00e9 unique.<br \/>\nCes marques du temps ajoutent \u00e0 leur charme et en font des pi\u00e8ces pleines de caract\u00e8re, parfaites pour les amateurs d\u2019objets rares et authentiques.<\/p>\n","protected":false},"featured_media":5842,"template":"","meta":{"_kadence_starter_templates_imported_post":false,"_kad_post_transparent":"default","_kad_post_title":"","_kad_post_layout":"default","_kad_post_sidebar_id":"","_kad_post_content_style":"default","_kad_post_vertical_padding":"default","_kad_post_feature":"","_kad_post_feature_position":"","_kad_post_header":false,"_kad_post_footer":false,"_kad_post_classname":"","_glsr_average":0,"_glsr_ranking":0,"_glsr_reviews":0},"product_brand":[],"product_cat":[93],"product_tag":[],"class_list":{"0":"post-5839","1":"product","2":"type-product","3":"status-publish","4":"has-post-thumbnail","6":"product_cat-kokeshi-sosaku","8":"first","9":"instock","10":"sold-individually","11":"shipping-taxable","12":"purchasable","13":"product-type-simple","14":"entry","15":"content-bg","16":"loop-entry"},"yoast_head":"<!-- This site is optimized with the Yoast SEO plugin v27.4 - https:\/\/yoast.com\/product\/yoast-seo-wordpress\/ -->\n<title>Kokeshi S\u014dsaku Daruma \u2013 Yokusan \u7ffc\u5c71 - Kokeshi D\u014dri<\/title>\n<meta name=\"description\" content=\"Cette Kokeshi Daruma en bois naturel est une \u0153uvre S\u014dsaku sculpt\u00e9e avec force et sobri\u00e9t\u00e9 par l\u2019artisan Suizan, \u00e9galement connu sous le nom de Yokuzan (\u7fe0\u5c71).\" \/>\n<meta name=\"robots\" content=\"index, follow, max-snippet:-1, max-image-preview:large, max-video-preview:-1\" \/>\n<link rel=\"canonical\" href=\"https:\/\/kokeshi-dori.fr\/index.php\/produit\/kokeshi-sosaku-daruma-yokusan-2\/\" \/>\n<meta property=\"og:locale\" content=\"fr_FR\" \/>\n<meta property=\"og:type\" content=\"article\" \/>\n<meta property=\"og:title\" content=\"Kokeshi S\u014dsaku Daruma \u2013 Yokusan \u7ffc\u5c71 - Kokeshi D\u014dri\" \/>\n<meta property=\"og:description\" content=\"Cette Kokeshi Daruma en bois naturel est une \u0153uvre S\u014dsaku sculpt\u00e9e avec force et sobri\u00e9t\u00e9 par l\u2019artisan Suizan, \u00e9galement connu sous le nom de Yokuzan (\u7fe0\u5c71).\" \/>\n<meta property=\"og:url\" content=\"https:\/\/kokeshi-dori.fr\/index.php\/produit\/kokeshi-sosaku-daruma-yokusan-2\/\" \/>\n<meta property=\"og:site_name\" content=\"Kokeshi D\u014dri\" \/>\n<meta property=\"article:publisher\" content=\"https:\/\/www.facebook.com\/profile.php?id=61572235813689\" \/>\n<meta property=\"og:image\" content=\"https:\/\/kokeshi-dori.fr\/wp-content\/uploads\/2026\/04\/PXL_20251220_1329378922-2-scaled.jpg\" \/>\n\t<meta property=\"og:image:width\" content=\"1928\" \/>\n\t<meta property=\"og:image:height\" content=\"2560\" \/>\n\t<meta property=\"og:image:type\" content=\"image\/jpeg\" \/>\n<meta name=\"twitter:card\" content=\"summary_large_image\" \/>\n<meta name=\"twitter:label1\" content=\"Dur\u00e9e de lecture estim\u00e9e\" \/>\n\t<meta name=\"twitter:data1\" content=\"3 minutes\" \/>\n<script type=\"application\/ld+json\" class=\"yoast-schema-graph\">{\"@context\":\"https:\\\/\\\/schema.org\",\"@graph\":[{\"@type\":\"WebPage\",\"@id\":\"https:\\\/\\\/kokeshi-dori.fr\\\/index.php\\\/produit\\\/kokeshi-sosaku-daruma-yokusan-2\\\/\",\"url\":\"https:\\\/\\\/kokeshi-dori.fr\\\/index.php\\\/produit\\\/kokeshi-sosaku-daruma-yokusan-2\\\/\",\"name\":\"Kokeshi S\u014dsaku Daruma \u2013 Yokusan \u7ffc\u5c71 - Kokeshi D\u014dri\",\"isPartOf\":{\"@id\":\"https:\\\/\\\/kokeshi-dori.fr\\\/#website\"},\"primaryImageOfPage\":{\"@id\":\"https:\\\/\\\/kokeshi-dori.fr\\\/index.php\\\/produit\\\/kokeshi-sosaku-daruma-yokusan-2\\\/#primaryimage\"},\"image\":{\"@id\":\"https:\\\/\\\/kokeshi-dori.fr\\\/index.php\\\/produit\\\/kokeshi-sosaku-daruma-yokusan-2\\\/#primaryimage\"},\"thumbnailUrl\":\"https:\\\/\\\/kokeshi-dori.fr\\\/wp-content\\\/uploads\\\/2026\\\/04\\\/PXL_20251220_1329378922-2-scaled.jpg\",\"datePublished\":\"2026-04-26T08:12:49+00:00\",\"description\":\"Cette Kokeshi Daruma en bois naturel est une \u0153uvre S\u014dsaku sculpt\u00e9e avec force et sobri\u00e9t\u00e9 par l\u2019artisan Suizan, \u00e9galement connu sous le nom de Yokuzan (\u7fe0\u5c71).\",\"breadcrumb\":{\"@id\":\"https:\\\/\\\/kokeshi-dori.fr\\\/index.php\\\/produit\\\/kokeshi-sosaku-daruma-yokusan-2\\\/#breadcrumb\"},\"inLanguage\":\"fr-FR\",\"potentialAction\":[{\"@type\":\"ReadAction\",\"target\":[\"https:\\\/\\\/kokeshi-dori.fr\\\/index.php\\\/produit\\\/kokeshi-sosaku-daruma-yokusan-2\\\/\"]}]},{\"@type\":\"ImageObject\",\"inLanguage\":\"fr-FR\",\"@id\":\"https:\\\/\\\/kokeshi-dori.fr\\\/index.php\\\/produit\\\/kokeshi-sosaku-daruma-yokusan-2\\\/#primaryimage\",\"url\":\"https:\\\/\\\/kokeshi-dori.fr\\\/wp-content\\\/uploads\\\/2026\\\/04\\\/PXL_20251220_1329378922-2-scaled.jpg\",\"contentUrl\":\"https:\\\/\\\/kokeshi-dori.fr\\\/wp-content\\\/uploads\\\/2026\\\/04\\\/PXL_20251220_1329378922-2-scaled.jpg\",\"width\":1928,\"height\":2560},{\"@type\":\"BreadcrumbList\",\"@id\":\"https:\\\/\\\/kokeshi-dori.fr\\\/index.php\\\/produit\\\/kokeshi-sosaku-daruma-yokusan-2\\\/#breadcrumb\",\"itemListElement\":[{\"@type\":\"ListItem\",\"position\":1,\"name\":\"Accueil\",\"item\":\"https:\\\/\\\/kokeshi-dori.fr\\\/\"},{\"@type\":\"ListItem\",\"position\":2,\"name\":\"Boutique\",\"item\":\"https:\\\/\\\/kokeshi-dori.fr\\\/index.php\\\/boutique\\\/\"},{\"@type\":\"ListItem\",\"position\":3,\"name\":\"Kokeshi S\u014dsaku Daruma \u2013 Yokusan \u7ffc\u5c71\"}]},{\"@type\":\"WebSite\",\"@id\":\"https:\\\/\\\/kokeshi-dori.fr\\\/#website\",\"url\":\"https:\\\/\\\/kokeshi-dori.fr\\\/\",\"name\":\"Kokeshi D\u014dri\",\"description\":\"Des Kokeshi \u00e0 Collectionner !\",\"publisher\":{\"@id\":\"https:\\\/\\\/kokeshi-dori.fr\\\/#organization\"},\"potentialAction\":[{\"@type\":\"SearchAction\",\"target\":{\"@type\":\"EntryPoint\",\"urlTemplate\":\"https:\\\/\\\/kokeshi-dori.fr\\\/?s={search_term_string}\"},\"query-input\":{\"@type\":\"PropertyValueSpecification\",\"valueRequired\":true,\"valueName\":\"search_term_string\"}}],\"inLanguage\":\"fr-FR\"},{\"@type\":\"Organization\",\"@id\":\"https:\\\/\\\/kokeshi-dori.fr\\\/#organization\",\"name\":\"Kokeshi D\u014dri\",\"url\":\"https:\\\/\\\/kokeshi-dori.fr\\\/\",\"logo\":{\"@type\":\"ImageObject\",\"inLanguage\":\"fr-FR\",\"@id\":\"https:\\\/\\\/kokeshi-dori.fr\\\/#\\\/schema\\\/logo\\\/image\\\/\",\"url\":\"https:\\\/\\\/kokeshi-dori.fr\\\/wp-content\\\/uploads\\\/2025\\\/02\\\/cropped-cropped-cropped-cropped-logo-1-rond-vert-1.png\",\"contentUrl\":\"https:\\\/\\\/kokeshi-dori.fr\\\/wp-content\\\/uploads\\\/2025\\\/02\\\/cropped-cropped-cropped-cropped-logo-1-rond-vert-1.png\",\"width\":240,\"height\":239,\"caption\":\"Kokeshi D\u014dri\"},\"image\":{\"@id\":\"https:\\\/\\\/kokeshi-dori.fr\\\/#\\\/schema\\\/logo\\\/image\\\/\"},\"sameAs\":[\"https:\\\/\\\/www.facebook.com\\\/profile.php?id=61572235813689\",\"http:\\\/\\\/instagram.com\\\/kokeshi_dori\\\/\"]}]}<\/script>\n<!-- \/ Yoast SEO plugin. -->","yoast_head_json":{"title":"Kokeshi S\u014dsaku Daruma \u2013 Yokusan \u7ffc\u5c71 - Kokeshi D\u014dri","description":"Cette Kokeshi Daruma en bois naturel est une \u0153uvre S\u014dsaku sculpt\u00e9e avec force et sobri\u00e9t\u00e9 par l\u2019artisan Suizan, \u00e9galement connu sous le nom de Yokuzan (\u7fe0\u5c71).","robots":{"index":"index","follow":"follow","max-snippet":"max-snippet:-1","max-image-preview":"max-image-preview:large","max-video-preview":"max-video-preview:-1"},"canonical":"https:\/\/kokeshi-dori.fr\/index.php\/produit\/kokeshi-sosaku-daruma-yokusan-2\/","og_locale":"fr_FR","og_type":"article","og_title":"Kokeshi S\u014dsaku Daruma \u2013 Yokusan \u7ffc\u5c71 - Kokeshi D\u014dri","og_description":"Cette Kokeshi Daruma en bois naturel est une \u0153uvre S\u014dsaku sculpt\u00e9e avec force et sobri\u00e9t\u00e9 par l\u2019artisan Suizan, \u00e9galement connu sous le nom de Yokuzan (\u7fe0\u5c71).","og_url":"https:\/\/kokeshi-dori.fr\/index.php\/produit\/kokeshi-sosaku-daruma-yokusan-2\/","og_site_name":"Kokeshi D\u014dri","article_publisher":"https:\/\/www.facebook.com\/profile.php?id=61572235813689","og_image":[{"width":1928,"height":2560,"url":"https:\/\/kokeshi-dori.fr\/wp-content\/uploads\/2026\/04\/PXL_20251220_1329378922-2-scaled.jpg","type":"image\/jpeg"}],"twitter_card":"summary_large_image","twitter_misc":{"Dur\u00e9e de lecture estim\u00e9e":"3 minutes"},"schema":{"@context":"https:\/\/schema.org","@graph":[{"@type":"WebPage","@id":"https:\/\/kokeshi-dori.fr\/index.php\/produit\/kokeshi-sosaku-daruma-yokusan-2\/","url":"https:\/\/kokeshi-dori.fr\/index.php\/produit\/kokeshi-sosaku-daruma-yokusan-2\/","name":"Kokeshi S\u014dsaku Daruma \u2013 Yokusan \u7ffc\u5c71 - Kokeshi D\u014dri","isPartOf":{"@id":"https:\/\/kokeshi-dori.fr\/#website"},"primaryImageOfPage":{"@id":"https:\/\/kokeshi-dori.fr\/index.php\/produit\/kokeshi-sosaku-daruma-yokusan-2\/#primaryimage"},"image":{"@id":"https:\/\/kokeshi-dori.fr\/index.php\/produit\/kokeshi-sosaku-daruma-yokusan-2\/#primaryimage"},"thumbnailUrl":"https:\/\/kokeshi-dori.fr\/wp-content\/uploads\/2026\/04\/PXL_20251220_1329378922-2-scaled.jpg","datePublished":"2026-04-26T08:12:49+00:00","description":"Cette Kokeshi Daruma en bois naturel est une \u0153uvre S\u014dsaku sculpt\u00e9e avec force et sobri\u00e9t\u00e9 par l\u2019artisan Suizan, \u00e9galement connu sous le nom de Yokuzan (\u7fe0\u5c71).","breadcrumb":{"@id":"https:\/\/kokeshi-dori.fr\/index.php\/produit\/kokeshi-sosaku-daruma-yokusan-2\/#breadcrumb"},"inLanguage":"fr-FR","potentialAction":[{"@type":"ReadAction","target":["https:\/\/kokeshi-dori.fr\/index.php\/produit\/kokeshi-sosaku-daruma-yokusan-2\/"]}]},{"@type":"ImageObject","inLanguage":"fr-FR","@id":"https:\/\/kokeshi-dori.fr\/index.php\/produit\/kokeshi-sosaku-daruma-yokusan-2\/#primaryimage","url":"https:\/\/kokeshi-dori.fr\/wp-content\/uploads\/2026\/04\/PXL_20251220_1329378922-2-scaled.jpg","contentUrl":"https:\/\/kokeshi-dori.fr\/wp-content\/uploads\/2026\/04\/PXL_20251220_1329378922-2-scaled.jpg","width":1928,"height":2560},{"@type":"BreadcrumbList","@id":"https:\/\/kokeshi-dori.fr\/index.php\/produit\/kokeshi-sosaku-daruma-yokusan-2\/#breadcrumb","itemListElement":[{"@type":"ListItem","position":1,"name":"Accueil","item":"https:\/\/kokeshi-dori.fr\/"},{"@type":"ListItem","position":2,"name":"Boutique","item":"https:\/\/kokeshi-dori.fr\/index.php\/boutique\/"},{"@type":"ListItem","position":3,"name":"Kokeshi S\u014dsaku Daruma \u2013 Yokusan \u7ffc\u5c71"}]},{"@type":"WebSite","@id":"https:\/\/kokeshi-dori.fr\/#website","url":"https:\/\/kokeshi-dori.fr\/","name":"Kokeshi D\u014dri","description":"Des Kokeshi \u00e0 Collectionner !","publisher":{"@id":"https:\/\/kokeshi-dori.fr\/#organization"},"potentialAction":[{"@type":"SearchAction","target":{"@type":"EntryPoint","urlTemplate":"https:\/\/kokeshi-dori.fr\/?s={search_term_string}"},"query-input":{"@type":"PropertyValueSpecification","valueRequired":true,"valueName":"search_term_string"}}],"inLanguage":"fr-FR"},{"@type":"Organization","@id":"https:\/\/kokeshi-dori.fr\/#organization","name":"Kokeshi D\u014dri","url":"https:\/\/kokeshi-dori.fr\/","logo":{"@type":"ImageObject","inLanguage":"fr-FR","@id":"https:\/\/kokeshi-dori.fr\/#\/schema\/logo\/image\/","url":"https:\/\/kokeshi-dori.fr\/wp-content\/uploads\/2025\/02\/cropped-cropped-cropped-cropped-logo-1-rond-vert-1.png","contentUrl":"https:\/\/kokeshi-dori.fr\/wp-content\/uploads\/2025\/02\/cropped-cropped-cropped-cropped-logo-1-rond-vert-1.png","width":240,"height":239,"caption":"Kokeshi D\u014dri"},"image":{"@id":"https:\/\/kokeshi-dori.fr\/#\/schema\/logo\/image\/"},"sameAs":["https:\/\/www.facebook.com\/profile.php?id=61572235813689","http:\/\/instagram.com\/kokeshi_dori\/"]}]}},"_links":{"self":[{"href":"https:\/\/kokeshi-dori.fr\/index.php\/wp-json\/wp\/v2\/product\/5839","targetHints":{"allow":["GET"]}}],"collection":[{"href":"https:\/\/kokeshi-dori.fr\/index.php\/wp-json\/wp\/v2\/product"}],"about":[{"href":"https:\/\/kokeshi-dori.fr\/index.php\/wp-json\/wp\/v2\/types\/product"}],"wp:featuredmedia":[{"embeddable":true,"href":"https:\/\/kokeshi-dori.fr\/index.php\/wp-json\/wp\/v2\/media\/5842"}],"wp:attachment":[{"href":"https:\/\/kokeshi-dori.fr\/index.php\/wp-json\/wp\/v2\/media?parent=5839"}],"wp:term":[{"taxonomy":"product_brand","embeddable":true,"href":"https:\/\/kokeshi-dori.fr\/index.php\/wp-json\/wp\/v2\/product_brand?post=5839"},{"taxonomy":"product_cat","embeddable":true,"href":"https:\/\/kokeshi-dori.fr\/index.php\/wp-json\/wp\/v2\/product_cat?post=5839"},{"taxonomy":"product_tag","embeddable":true,"href":"https:\/\/kokeshi-dori.fr\/index.php\/wp-json\/wp\/v2\/product_tag?post=5839"}],"curies":[{"name":"wp","href":"https:\/\/api.w.org\/{rel}","templated":true}]}}