{"id":5828,"date":"2026-04-26T09:21:26","date_gmt":"2026-04-26T07:21:26","guid":{"rendered":"https:\/\/kokeshi-dori.fr\/?post_type=product&#038;p=5828"},"modified":"2026-04-26T09:21:26","modified_gmt":"2026-04-26T07:21:26","slug":"kokeshi-shingata-masayuki-kaganuma","status":"publish","type":"product","link":"https:\/\/kokeshi-dori.fr\/index.php\/produit\/kokeshi-shingata-masayuki-kaganuma\/","title":{"rendered":"Kokeshi Shingata \u2013 Masayuki KAGANUMA \u93e1\u6cbc\u6b63\u5e78"},"content":{"rendered":"<p>Tr\u00e8s grande Kokeshi japonaise de style Shingata, r\u00e9alis\u00e9e par l\u2019artisan KAGANUMA Masayuki.<\/p>\n<p>\ud83d\udd39Cette pi\u00e8ce impressionnante se distingue par ses proportions \u00e9lanc\u00e9es et son fort impact visuel.<br \/>\n\ud83d\udd39Le visage, d\u2019une grande sobri\u00e9t\u00e9, pr\u00e9sente une expression paisible typique des kokeshi modernes.<br \/>\n\ud83d\udd39Le corps cylindrique est richement d\u00e9cor\u00e9 de motifs floraux stylis\u00e9s \u00e9voquant un chrysanth\u00e8me (kiku).<br \/>\n\ud83d\udd39Le travail du verni et de la peinture met en valeur le veinage du bois, soulignant le savoir-faire artisanal japonais.<br \/>\n\ud83d\udd39Cette pi\u00e8ce a \u00e9t\u00e9 prim\u00e9e au Concours national japonais de kokeshi.<\/p>\n<p>Par sa taille exceptionnelle et son esth\u00e9tique affirm\u00e9e, cette Kokeshi est une pi\u00e8ce de collection remarquable, id\u00e9ale comme objet central dans une collection de Kokeshi ou comme \u00e9l\u00e9ment d\u00e9coratif fort.<\/p>\n<p>\ud83d\udd0d \u00c9tat : Bon \u00e9tat g\u00e9n\u00e9ral, patine du bois li\u00e9e \u00e0 l&#8217;\u00e2ge, petits signes d&#8217;usure mais couleurs bien vives, grain de bois magnifique.<\/p>\n<p><strong><span style=\"text-decoration: underline;\">A Propos de l\u2019Artisan<\/span>\u00a0:\u00a0<\/strong><\/p>\n<p>KAGANUMA Masayuki (n\u00e9 en 1936) est un artisan japonais sp\u00e9cialis\u00e9 dans la cr\u00e9ation de Kokeshi S\u014dsaku, reconnues pour leur \u00e9l\u00e9gance et leur fusion entre tradition et modernit\u00e9. Ses \u0153uvres, souvent sign\u00e9es \u52a0\u8cc0\u6cbc, se distinguent par des formes \u00e9lanc\u00e9es, des motifs floraux d\u00e9licats (comme des fleurs de prunier ou de bambou), et une ma\u00eetrise exceptionnelle de la peinture sur bois, notamment sur du cornouiller ou de l\u2019\u00e9rable.<br \/>\nKAGANUMA est c\u00e9l\u00e8bre pour ses Kokeshi d\u2019une grande finesse. Ses cr\u00e9ations, apparues dans les ann\u00e9es 1950\u20131960, refl\u00e8tent une libert\u00e9 artistique et une recherche d\u2019\u00e9motion, typiques du mouvement S\u014dsaku. Ses \u0153uvres sont aujourd\u2019hui collectionn\u00e9es pour leur beaut\u00e9 intemporelle et leur qualit\u00e9 artisanale, et elles incarnent parfaitement l\u2019esprit innovant de l\u2019art des Kokeshi modernes<\/p>\n","protected":false},"excerpt":{"rendered":"<p><img decoding=\"async\" class=\"emoji\" role=\"img\" draggable=\"false\" src=\"https:\/\/s.w.org\/images\/core\/emoji\/16.0.1\/svg\/1f4cc.svg\" alt=\"\ud83d\udccc\" \/> R\u00e9f\u00e9rence produit : [KD-K-0579]<br \/>\n<img decoding=\"async\" class=\"emoji\" role=\"img\" draggable=\"false\" src=\"https:\/\/s.w.org\/images\/core\/emoji\/16.0.1\/svg\/1f38e.svg\" alt=\"\ud83c\udf8e\" \/>\u00a0Type : Shingata (Transitionnelle)<br \/>\n<img decoding=\"async\" class=\"emoji\" role=\"img\" draggable=\"false\" src=\"https:\/\/s.w.org\/images\/core\/emoji\/16.0.1\/svg\/1f5fe.svg\" alt=\"\ud83d\uddfe\" \/>\u00a0 Style \/ R\u00e9gion : R\u00e9gion du T\u014dhoku<br \/>\n<img decoding=\"async\" class=\"emoji\" role=\"img\" draggable=\"false\" src=\"https:\/\/s.w.org\/images\/core\/emoji\/16.0.1\/svg\/1f3a8.svg\" alt=\"\ud83c\udfa8\" \/> Artisan : KAGANUMA Masayuki \u93e1\u6cbc\u6b63\u5e78 (1936 &#8211;\u00a0 \u00a0)<br \/>\n<img decoding=\"async\" class=\"emoji\" role=\"img\" draggable=\"false\" src=\"https:\/\/s.w.org\/images\/core\/emoji\/16.0.1\/svg\/1f4c5.svg\" alt=\"\ud83d\udcc5\" \/> P\u00e9riode : \u00c8re Sh\u014dwa (\u662d\u548c)<\/p>\n<p><img decoding=\"async\" class=\"emoji\" role=\"img\" draggable=\"false\" src=\"https:\/\/s.w.org\/images\/core\/emoji\/16.0.1\/svg\/2728.svg\" alt=\"\u2728\" \/>\u00a0Kokeshi japonaise vintage \u2013 Authentique et artisanale\u00a0<img decoding=\"async\" class=\"emoji\" role=\"img\" draggable=\"false\" src=\"https:\/\/s.w.org\/images\/core\/emoji\/16.0.1\/svg\/2728.svg\" alt=\"\u2728\" \/><\/p>\n<p>Les Kokeshi sont des poup\u00e9es en bois traditionnelles japonaises, fabriqu\u00e9es \u00e0 la main par des artisans japonais qui transmettent leur savoir de g\u00e9n\u00e9ration en g\u00e9n\u00e9ration.<br \/>\nEn provenance directe du Japon, elles sont de v\u00e9ritables tr\u00e9sors vintage qui ont une histoire et une \u00e2me.<br \/>\nLeur authenticit\u00e9 se refl\u00e8te dans leurs petites imperfections (l\u00e9g\u00e8res d\u00e9colorations, discr\u00e8tes t\u00e2ches ou fines griffures) qui racontent leur pass\u00e9 unique.<br \/>\nCes marques du temps ajoutent \u00e0 leur charme et en font des pi\u00e8ces pleines de caract\u00e8re, parfaites pour les amateurs d\u2019objets rares et authentiques.<\/p>\n","protected":false},"featured_media":5836,"template":"","meta":{"_kadence_starter_templates_imported_post":false,"_kad_post_transparent":"default","_kad_post_title":"","_kad_post_layout":"default","_kad_post_sidebar_id":"","_kad_post_content_style":"default","_kad_post_vertical_padding":"default","_kad_post_feature":"","_kad_post_feature_position":"","_kad_post_header":false,"_kad_post_footer":false,"_kad_post_classname":"","_glsr_average":0,"_glsr_ranking":0,"_glsr_reviews":0},"product_brand":[],"product_cat":[209],"product_tag":[],"class_list":{"0":"post-5828","1":"product","2":"type-product","3":"status-publish","4":"has-post-thumbnail","6":"product_cat-kokeshi-shingata","8":"first","9":"instock","10":"sold-individually","11":"shipping-taxable","12":"purchasable","13":"product-type-simple","14":"entry","15":"content-bg","16":"loop-entry"},"yoast_head":"<!-- This site is optimized with the Yoast SEO plugin v27.4 - https:\/\/yoast.com\/product\/yoast-seo-wordpress\/ -->\n<title>Kokeshi Shingata \u2013 Masayuki KAGANUMA \u93e1\u6cbc\u6b63\u5e78 - Kokeshi D\u014dri<\/title>\n<meta name=\"description\" content=\"Tr\u00e8s grande Kokeshi japonaise de style Shingata, r\u00e9alis\u00e9e par l\u2019artisan Kaganuma Masayuki. Cette pi\u00e8ce impressionnante se distingue par ses proportions \u00e9lanc\u00e9es et son fort impact visuel.\" \/>\n<meta name=\"robots\" content=\"index, follow, max-snippet:-1, max-image-preview:large, max-video-preview:-1\" \/>\n<link rel=\"canonical\" href=\"https:\/\/kokeshi-dori.fr\/index.php\/produit\/kokeshi-shingata-masayuki-kaganuma\/\" \/>\n<meta property=\"og:locale\" content=\"fr_FR\" \/>\n<meta property=\"og:type\" content=\"article\" \/>\n<meta property=\"og:title\" content=\"Kokeshi Shingata \u2013 Masayuki KAGANUMA \u93e1\u6cbc\u6b63\u5e78 - Kokeshi D\u014dri\" \/>\n<meta property=\"og:description\" content=\"Tr\u00e8s grande Kokeshi japonaise de style Shingata, r\u00e9alis\u00e9e par l\u2019artisan Kaganuma Masayuki. Cette pi\u00e8ce impressionnante se distingue par ses proportions \u00e9lanc\u00e9es et son fort impact visuel.\" \/>\n<meta property=\"og:url\" content=\"https:\/\/kokeshi-dori.fr\/index.php\/produit\/kokeshi-shingata-masayuki-kaganuma\/\" \/>\n<meta property=\"og:site_name\" content=\"Kokeshi D\u014dri\" \/>\n<meta property=\"article:publisher\" content=\"https:\/\/www.facebook.com\/profile.php?id=61572235813689\" \/>\n<meta property=\"og:image\" content=\"https:\/\/kokeshi-dori.fr\/wp-content\/uploads\/2026\/04\/PXL_20251220_1329110302-2-scaled.jpg\" \/>\n\t<meta property=\"og:image:width\" content=\"1928\" \/>\n\t<meta property=\"og:image:height\" content=\"2560\" \/>\n\t<meta property=\"og:image:type\" content=\"image\/jpeg\" \/>\n<meta name=\"twitter:card\" content=\"summary_large_image\" \/>\n<meta name=\"twitter:label1\" content=\"Dur\u00e9e de lecture estim\u00e9e\" \/>\n\t<meta name=\"twitter:data1\" content=\"2 minutes\" \/>\n<script type=\"application\/ld+json\" class=\"yoast-schema-graph\">{\"@context\":\"https:\\\/\\\/schema.org\",\"@graph\":[{\"@type\":\"WebPage\",\"@id\":\"https:\\\/\\\/kokeshi-dori.fr\\\/index.php\\\/produit\\\/kokeshi-shingata-masayuki-kaganuma\\\/\",\"url\":\"https:\\\/\\\/kokeshi-dori.fr\\\/index.php\\\/produit\\\/kokeshi-shingata-masayuki-kaganuma\\\/\",\"name\":\"Kokeshi Shingata \u2013 Masayuki KAGANUMA \u93e1\u6cbc\u6b63\u5e78 - Kokeshi D\u014dri\",\"isPartOf\":{\"@id\":\"https:\\\/\\\/kokeshi-dori.fr\\\/#website\"},\"primaryImageOfPage\":{\"@id\":\"https:\\\/\\\/kokeshi-dori.fr\\\/index.php\\\/produit\\\/kokeshi-shingata-masayuki-kaganuma\\\/#primaryimage\"},\"image\":{\"@id\":\"https:\\\/\\\/kokeshi-dori.fr\\\/index.php\\\/produit\\\/kokeshi-shingata-masayuki-kaganuma\\\/#primaryimage\"},\"thumbnailUrl\":\"https:\\\/\\\/kokeshi-dori.fr\\\/wp-content\\\/uploads\\\/2026\\\/04\\\/PXL_20251220_1329110302-2-scaled.jpg\",\"datePublished\":\"2026-04-26T07:21:26+00:00\",\"description\":\"Tr\u00e8s grande Kokeshi japonaise de style Shingata, r\u00e9alis\u00e9e par l\u2019artisan Kaganuma Masayuki. Cette pi\u00e8ce impressionnante se distingue par ses proportions \u00e9lanc\u00e9es et son fort impact visuel.\",\"breadcrumb\":{\"@id\":\"https:\\\/\\\/kokeshi-dori.fr\\\/index.php\\\/produit\\\/kokeshi-shingata-masayuki-kaganuma\\\/#breadcrumb\"},\"inLanguage\":\"fr-FR\",\"potentialAction\":[{\"@type\":\"ReadAction\",\"target\":[\"https:\\\/\\\/kokeshi-dori.fr\\\/index.php\\\/produit\\\/kokeshi-shingata-masayuki-kaganuma\\\/\"]}]},{\"@type\":\"ImageObject\",\"inLanguage\":\"fr-FR\",\"@id\":\"https:\\\/\\\/kokeshi-dori.fr\\\/index.php\\\/produit\\\/kokeshi-shingata-masayuki-kaganuma\\\/#primaryimage\",\"url\":\"https:\\\/\\\/kokeshi-dori.fr\\\/wp-content\\\/uploads\\\/2026\\\/04\\\/PXL_20251220_1329110302-2-scaled.jpg\",\"contentUrl\":\"https:\\\/\\\/kokeshi-dori.fr\\\/wp-content\\\/uploads\\\/2026\\\/04\\\/PXL_20251220_1329110302-2-scaled.jpg\",\"width\":1928,\"height\":2560},{\"@type\":\"BreadcrumbList\",\"@id\":\"https:\\\/\\\/kokeshi-dori.fr\\\/index.php\\\/produit\\\/kokeshi-shingata-masayuki-kaganuma\\\/#breadcrumb\",\"itemListElement\":[{\"@type\":\"ListItem\",\"position\":1,\"name\":\"Accueil\",\"item\":\"https:\\\/\\\/kokeshi-dori.fr\\\/\"},{\"@type\":\"ListItem\",\"position\":2,\"name\":\"Boutique\",\"item\":\"https:\\\/\\\/kokeshi-dori.fr\\\/index.php\\\/boutique\\\/\"},{\"@type\":\"ListItem\",\"position\":3,\"name\":\"Kokeshi Shingata \u2013 Masayuki KAGANUMA \u93e1\u6cbc\u6b63\u5e78\"}]},{\"@type\":\"WebSite\",\"@id\":\"https:\\\/\\\/kokeshi-dori.fr\\\/#website\",\"url\":\"https:\\\/\\\/kokeshi-dori.fr\\\/\",\"name\":\"Kokeshi D\u014dri\",\"description\":\"Des Kokeshi \u00e0 Collectionner !\",\"publisher\":{\"@id\":\"https:\\\/\\\/kokeshi-dori.fr\\\/#organization\"},\"potentialAction\":[{\"@type\":\"SearchAction\",\"target\":{\"@type\":\"EntryPoint\",\"urlTemplate\":\"https:\\\/\\\/kokeshi-dori.fr\\\/?s={search_term_string}\"},\"query-input\":{\"@type\":\"PropertyValueSpecification\",\"valueRequired\":true,\"valueName\":\"search_term_string\"}}],\"inLanguage\":\"fr-FR\"},{\"@type\":\"Organization\",\"@id\":\"https:\\\/\\\/kokeshi-dori.fr\\\/#organization\",\"name\":\"Kokeshi D\u014dri\",\"url\":\"https:\\\/\\\/kokeshi-dori.fr\\\/\",\"logo\":{\"@type\":\"ImageObject\",\"inLanguage\":\"fr-FR\",\"@id\":\"https:\\\/\\\/kokeshi-dori.fr\\\/#\\\/schema\\\/logo\\\/image\\\/\",\"url\":\"https:\\\/\\\/kokeshi-dori.fr\\\/wp-content\\\/uploads\\\/2025\\\/02\\\/cropped-cropped-cropped-cropped-logo-1-rond-vert-1.png\",\"contentUrl\":\"https:\\\/\\\/kokeshi-dori.fr\\\/wp-content\\\/uploads\\\/2025\\\/02\\\/cropped-cropped-cropped-cropped-logo-1-rond-vert-1.png\",\"width\":240,\"height\":239,\"caption\":\"Kokeshi D\u014dri\"},\"image\":{\"@id\":\"https:\\\/\\\/kokeshi-dori.fr\\\/#\\\/schema\\\/logo\\\/image\\\/\"},\"sameAs\":[\"https:\\\/\\\/www.facebook.com\\\/profile.php?id=61572235813689\",\"http:\\\/\\\/instagram.com\\\/kokeshi_dori\\\/\"]}]}<\/script>\n<!-- \/ Yoast SEO plugin. -->","yoast_head_json":{"title":"Kokeshi Shingata \u2013 Masayuki KAGANUMA \u93e1\u6cbc\u6b63\u5e78 - Kokeshi D\u014dri","description":"Tr\u00e8s grande Kokeshi japonaise de style Shingata, r\u00e9alis\u00e9e par l\u2019artisan Kaganuma Masayuki. Cette pi\u00e8ce impressionnante se distingue par ses proportions \u00e9lanc\u00e9es et son fort impact visuel.","robots":{"index":"index","follow":"follow","max-snippet":"max-snippet:-1","max-image-preview":"max-image-preview:large","max-video-preview":"max-video-preview:-1"},"canonical":"https:\/\/kokeshi-dori.fr\/index.php\/produit\/kokeshi-shingata-masayuki-kaganuma\/","og_locale":"fr_FR","og_type":"article","og_title":"Kokeshi Shingata \u2013 Masayuki KAGANUMA \u93e1\u6cbc\u6b63\u5e78 - Kokeshi D\u014dri","og_description":"Tr\u00e8s grande Kokeshi japonaise de style Shingata, r\u00e9alis\u00e9e par l\u2019artisan Kaganuma Masayuki. Cette pi\u00e8ce impressionnante se distingue par ses proportions \u00e9lanc\u00e9es et son fort impact visuel.","og_url":"https:\/\/kokeshi-dori.fr\/index.php\/produit\/kokeshi-shingata-masayuki-kaganuma\/","og_site_name":"Kokeshi D\u014dri","article_publisher":"https:\/\/www.facebook.com\/profile.php?id=61572235813689","og_image":[{"width":1928,"height":2560,"url":"https:\/\/kokeshi-dori.fr\/wp-content\/uploads\/2026\/04\/PXL_20251220_1329110302-2-scaled.jpg","type":"image\/jpeg"}],"twitter_card":"summary_large_image","twitter_misc":{"Dur\u00e9e de lecture estim\u00e9e":"2 minutes"},"schema":{"@context":"https:\/\/schema.org","@graph":[{"@type":"WebPage","@id":"https:\/\/kokeshi-dori.fr\/index.php\/produit\/kokeshi-shingata-masayuki-kaganuma\/","url":"https:\/\/kokeshi-dori.fr\/index.php\/produit\/kokeshi-shingata-masayuki-kaganuma\/","name":"Kokeshi Shingata \u2013 Masayuki KAGANUMA \u93e1\u6cbc\u6b63\u5e78 - Kokeshi D\u014dri","isPartOf":{"@id":"https:\/\/kokeshi-dori.fr\/#website"},"primaryImageOfPage":{"@id":"https:\/\/kokeshi-dori.fr\/index.php\/produit\/kokeshi-shingata-masayuki-kaganuma\/#primaryimage"},"image":{"@id":"https:\/\/kokeshi-dori.fr\/index.php\/produit\/kokeshi-shingata-masayuki-kaganuma\/#primaryimage"},"thumbnailUrl":"https:\/\/kokeshi-dori.fr\/wp-content\/uploads\/2026\/04\/PXL_20251220_1329110302-2-scaled.jpg","datePublished":"2026-04-26T07:21:26+00:00","description":"Tr\u00e8s grande Kokeshi japonaise de style Shingata, r\u00e9alis\u00e9e par l\u2019artisan Kaganuma Masayuki. Cette pi\u00e8ce impressionnante se distingue par ses proportions \u00e9lanc\u00e9es et son fort impact visuel.","breadcrumb":{"@id":"https:\/\/kokeshi-dori.fr\/index.php\/produit\/kokeshi-shingata-masayuki-kaganuma\/#breadcrumb"},"inLanguage":"fr-FR","potentialAction":[{"@type":"ReadAction","target":["https:\/\/kokeshi-dori.fr\/index.php\/produit\/kokeshi-shingata-masayuki-kaganuma\/"]}]},{"@type":"ImageObject","inLanguage":"fr-FR","@id":"https:\/\/kokeshi-dori.fr\/index.php\/produit\/kokeshi-shingata-masayuki-kaganuma\/#primaryimage","url":"https:\/\/kokeshi-dori.fr\/wp-content\/uploads\/2026\/04\/PXL_20251220_1329110302-2-scaled.jpg","contentUrl":"https:\/\/kokeshi-dori.fr\/wp-content\/uploads\/2026\/04\/PXL_20251220_1329110302-2-scaled.jpg","width":1928,"height":2560},{"@type":"BreadcrumbList","@id":"https:\/\/kokeshi-dori.fr\/index.php\/produit\/kokeshi-shingata-masayuki-kaganuma\/#breadcrumb","itemListElement":[{"@type":"ListItem","position":1,"name":"Accueil","item":"https:\/\/kokeshi-dori.fr\/"},{"@type":"ListItem","position":2,"name":"Boutique","item":"https:\/\/kokeshi-dori.fr\/index.php\/boutique\/"},{"@type":"ListItem","position":3,"name":"Kokeshi Shingata \u2013 Masayuki KAGANUMA \u93e1\u6cbc\u6b63\u5e78"}]},{"@type":"WebSite","@id":"https:\/\/kokeshi-dori.fr\/#website","url":"https:\/\/kokeshi-dori.fr\/","name":"Kokeshi D\u014dri","description":"Des Kokeshi \u00e0 Collectionner !","publisher":{"@id":"https:\/\/kokeshi-dori.fr\/#organization"},"potentialAction":[{"@type":"SearchAction","target":{"@type":"EntryPoint","urlTemplate":"https:\/\/kokeshi-dori.fr\/?s={search_term_string}"},"query-input":{"@type":"PropertyValueSpecification","valueRequired":true,"valueName":"search_term_string"}}],"inLanguage":"fr-FR"},{"@type":"Organization","@id":"https:\/\/kokeshi-dori.fr\/#organization","name":"Kokeshi D\u014dri","url":"https:\/\/kokeshi-dori.fr\/","logo":{"@type":"ImageObject","inLanguage":"fr-FR","@id":"https:\/\/kokeshi-dori.fr\/#\/schema\/logo\/image\/","url":"https:\/\/kokeshi-dori.fr\/wp-content\/uploads\/2025\/02\/cropped-cropped-cropped-cropped-logo-1-rond-vert-1.png","contentUrl":"https:\/\/kokeshi-dori.fr\/wp-content\/uploads\/2025\/02\/cropped-cropped-cropped-cropped-logo-1-rond-vert-1.png","width":240,"height":239,"caption":"Kokeshi D\u014dri"},"image":{"@id":"https:\/\/kokeshi-dori.fr\/#\/schema\/logo\/image\/"},"sameAs":["https:\/\/www.facebook.com\/profile.php?id=61572235813689","http:\/\/instagram.com\/kokeshi_dori\/"]}]}},"_links":{"self":[{"href":"https:\/\/kokeshi-dori.fr\/index.php\/wp-json\/wp\/v2\/product\/5828","targetHints":{"allow":["GET"]}}],"collection":[{"href":"https:\/\/kokeshi-dori.fr\/index.php\/wp-json\/wp\/v2\/product"}],"about":[{"href":"https:\/\/kokeshi-dori.fr\/index.php\/wp-json\/wp\/v2\/types\/product"}],"wp:featuredmedia":[{"embeddable":true,"href":"https:\/\/kokeshi-dori.fr\/index.php\/wp-json\/wp\/v2\/media\/5836"}],"wp:attachment":[{"href":"https:\/\/kokeshi-dori.fr\/index.php\/wp-json\/wp\/v2\/media?parent=5828"}],"wp:term":[{"taxonomy":"product_brand","embeddable":true,"href":"https:\/\/kokeshi-dori.fr\/index.php\/wp-json\/wp\/v2\/product_brand?post=5828"},{"taxonomy":"product_cat","embeddable":true,"href":"https:\/\/kokeshi-dori.fr\/index.php\/wp-json\/wp\/v2\/product_cat?post=5828"},{"taxonomy":"product_tag","embeddable":true,"href":"https:\/\/kokeshi-dori.fr\/index.php\/wp-json\/wp\/v2\/product_tag?post=5828"}],"curies":[{"name":"wp","href":"https:\/\/api.w.org\/{rel}","templated":true}]}}