{"id":5807,"date":"2026-04-20T06:32:18","date_gmt":"2026-04-20T04:32:18","guid":{"rendered":"https:\/\/kokeshi-dori.fr\/?post_type=product&#038;p=5807"},"modified":"2026-04-20T06:32:19","modified_gmt":"2026-04-20T04:32:19","slug":"kokeshi-shingata","status":"publish","type":"product","link":"https:\/\/kokeshi-dori.fr\/index.php\/produit\/kokeshi-shingata\/","title":{"rendered":"Kokeshi Shingata"},"content":{"rendered":"<p>Cette \u00e9l\u00e9gante Kokeshi japonaise appartient au style Shingata, une forme modernis\u00e9e des Kokeshi traditionnelles apparue au d\u00e9but du XXe si\u00e8cle.<\/p>\n<p>\ud83d\udd39Le corps est orn\u00e9 de magnifiques chrysanth\u00e8mes rouges, un motif embl\u00e9matique au Japon, symbole de long\u00e9vit\u00e9 et d\u2019harmonie. Les fleurs sont encadr\u00e9es de bandes horizontales rouges et noires qui structurent la composition et donnent beaucoup d\u2019\u00e9quilibre \u00e0 la pi\u00e8ce.<br \/>\n\ud83d\udd39 Le visage, d\u00e9licatement peint, d\u00e9gage une expression paisible et chaleureuse, avec de fins sourcils arqu\u00e9s, des yeux mi-clos et de petites l\u00e8vres rouges. La chevelure stylis\u00e9e, soulign\u00e9e de rouge, accentue le charme raffin\u00e9 de cette Kokeshi.<br \/>\n\ud83d\udd39Le bois pr\u00e9sente une belle patine et un veinage visible magnifique.<\/p>\n<p>Cette Kokeshi est id\u00e9ale aussi bien pour un collectionneur que pour une d\u00e9coration japonaise \u00e9l\u00e9gante et authentique.<\/p>\n<p>\ud83d\udd0d \u00c9tat : Bon \u00e9tat g\u00e9n\u00e9ral, signes d&#8217;usure li\u00e9s \u00e0 l&#8217;\u00e2ge, grain de bois magnifique<\/p>\n","protected":false},"excerpt":{"rendered":"<p><img decoding=\"async\" class=\"emoji\" role=\"img\" draggable=\"false\" src=\"https:\/\/s.w.org\/images\/core\/emoji\/16.0.1\/svg\/1f4cc.svg\" alt=\"\ud83d\udccc\" \/> R\u00e9f\u00e9rence produit : [KD-K-0576]<br \/>\n<img decoding=\"async\" class=\"emoji\" role=\"img\" draggable=\"false\" src=\"https:\/\/s.w.org\/images\/core\/emoji\/16.0.1\/svg\/1f38e.svg\" alt=\"\ud83c\udf8e\" \/>\u00a0Type : Shingata (Transitionnelle)<br \/>\n<img decoding=\"async\" class=\"emoji\" role=\"img\" draggable=\"false\" src=\"https:\/\/s.w.org\/images\/core\/emoji\/16.0.1\/svg\/1f5fe.svg\" alt=\"\ud83d\uddfe\" \/>\u00a0 Style \/ R\u00e9gion : R\u00e9gion du T\u014dhoku<br \/>\n<img decoding=\"async\" class=\"emoji\" role=\"img\" draggable=\"false\" src=\"https:\/\/s.w.org\/images\/core\/emoji\/16.0.1\/svg\/1f3a8.svg\" alt=\"\ud83c\udfa8\" \/> Artisan : Non-Sign\u00e9e<br \/>\n<img decoding=\"async\" class=\"emoji\" role=\"img\" draggable=\"false\" src=\"https:\/\/s.w.org\/images\/core\/emoji\/16.0.1\/svg\/1f4c5.svg\" alt=\"\ud83d\udcc5\" \/> P\u00e9riode : \u00c8re Showa (\u662d\u548c)<\/p>\n<p><img decoding=\"async\" class=\"emoji\" role=\"img\" draggable=\"false\" src=\"https:\/\/s.w.org\/images\/core\/emoji\/16.0.1\/svg\/2728.svg\" alt=\"\u2728\" \/>\u00a0Kokeshi japonaise vintage \u2013 Authentique et artisanale\u00a0<img decoding=\"async\" class=\"emoji\" role=\"img\" draggable=\"false\" src=\"https:\/\/s.w.org\/images\/core\/emoji\/16.0.1\/svg\/2728.svg\" alt=\"\u2728\" \/><\/p>\n<p>Les Kokeshi sont des poup\u00e9es en bois traditionnelles japonaises, fabriqu\u00e9es \u00e0 la main par des artisans japonais qui transmettent leur savoir de g\u00e9n\u00e9ration en g\u00e9n\u00e9ration.<br \/>\nEn provenance directe du Japon, elles sont de v\u00e9ritables tr\u00e9sors vintage qui ont une histoire et une \u00e2me.<br \/>\nLeur authenticit\u00e9 se refl\u00e8te dans leurs petites imperfections (l\u00e9g\u00e8res d\u00e9colorations, discr\u00e8tes t\u00e2ches ou fines griffures) qui racontent leur pass\u00e9 unique.<br \/>\nCes marques du temps ajoutent \u00e0 leur charme et en font des pi\u00e8ces pleines de caract\u00e8re, parfaites pour les amateurs d\u2019objets rares et authentiques.<\/p>\n","protected":false},"featured_media":5814,"template":"","meta":{"_kadence_starter_templates_imported_post":false,"_kad_post_transparent":"default","_kad_post_title":"","_kad_post_layout":"default","_kad_post_sidebar_id":"","_kad_post_content_style":"default","_kad_post_vertical_padding":"default","_kad_post_feature":"","_kad_post_feature_position":"","_kad_post_header":false,"_kad_post_footer":false,"_kad_post_classname":"","_glsr_average":0,"_glsr_ranking":0,"_glsr_reviews":0},"product_brand":[],"product_cat":[209],"product_tag":[],"class_list":{"0":"post-5807","1":"product","2":"type-product","3":"status-publish","4":"has-post-thumbnail","6":"product_cat-kokeshi-shingata","8":"first","9":"instock","10":"sold-individually","11":"shipping-taxable","12":"purchasable","13":"product-type-simple","14":"entry","15":"content-bg","16":"loop-entry"},"yoast_head":"<!-- This site is optimized with the Yoast SEO plugin v27.4 - https:\/\/yoast.com\/product\/yoast-seo-wordpress\/ -->\n<title>Kokeshi Shingata - Kokeshi D\u014dri<\/title>\n<meta name=\"description\" content=\"Cette \u00e9l\u00e9gante Kokeshi japonaise appartient au style Shingata, une forme modernis\u00e9e des Kokeshi traditionnelles apparue au d\u00e9but du XXe si\u00e8cle.\" \/>\n<meta name=\"robots\" content=\"index, follow, max-snippet:-1, max-image-preview:large, max-video-preview:-1\" \/>\n<link rel=\"canonical\" href=\"https:\/\/kokeshi-dori.fr\/index.php\/produit\/kokeshi-shingata\/\" \/>\n<meta property=\"og:locale\" content=\"fr_FR\" \/>\n<meta property=\"og:type\" content=\"article\" \/>\n<meta property=\"og:title\" content=\"Kokeshi Shingata - Kokeshi D\u014dri\" \/>\n<meta property=\"og:description\" content=\"Cette \u00e9l\u00e9gante Kokeshi japonaise appartient au style Shingata, une forme modernis\u00e9e des Kokeshi traditionnelles apparue au d\u00e9but du XXe si\u00e8cle.\" \/>\n<meta property=\"og:url\" content=\"https:\/\/kokeshi-dori.fr\/index.php\/produit\/kokeshi-shingata\/\" \/>\n<meta property=\"og:site_name\" content=\"Kokeshi D\u014dri\" \/>\n<meta property=\"article:publisher\" content=\"https:\/\/www.facebook.com\/profile.php?id=61572235813689\" \/>\n<meta property=\"article:modified_time\" content=\"2026-04-20T04:32:19+00:00\" \/>\n<meta property=\"og:image\" content=\"https:\/\/kokeshi-dori.fr\/wp-content\/uploads\/2026\/04\/PXL_20251220_1327413932-2-scaled.jpg\" \/>\n\t<meta property=\"og:image:width\" content=\"1928\" \/>\n\t<meta property=\"og:image:height\" content=\"2560\" \/>\n\t<meta property=\"og:image:type\" content=\"image\/jpeg\" \/>\n<meta name=\"twitter:card\" content=\"summary_large_image\" \/>\n<meta name=\"twitter:label1\" content=\"Dur\u00e9e de lecture estim\u00e9e\" \/>\n\t<meta name=\"twitter:data1\" content=\"1 minute\" \/>\n<script type=\"application\/ld+json\" class=\"yoast-schema-graph\">{\"@context\":\"https:\\\/\\\/schema.org\",\"@graph\":[{\"@type\":\"WebPage\",\"@id\":\"https:\\\/\\\/kokeshi-dori.fr\\\/index.php\\\/produit\\\/kokeshi-shingata\\\/\",\"url\":\"https:\\\/\\\/kokeshi-dori.fr\\\/index.php\\\/produit\\\/kokeshi-shingata\\\/\",\"name\":\"Kokeshi Shingata - Kokeshi D\u014dri\",\"isPartOf\":{\"@id\":\"https:\\\/\\\/kokeshi-dori.fr\\\/#website\"},\"primaryImageOfPage\":{\"@id\":\"https:\\\/\\\/kokeshi-dori.fr\\\/index.php\\\/produit\\\/kokeshi-shingata\\\/#primaryimage\"},\"image\":{\"@id\":\"https:\\\/\\\/kokeshi-dori.fr\\\/index.php\\\/produit\\\/kokeshi-shingata\\\/#primaryimage\"},\"thumbnailUrl\":\"https:\\\/\\\/kokeshi-dori.fr\\\/wp-content\\\/uploads\\\/2026\\\/04\\\/PXL_20251220_1327413932-2-scaled.jpg\",\"datePublished\":\"2026-04-20T04:32:18+00:00\",\"dateModified\":\"2026-04-20T04:32:19+00:00\",\"description\":\"Cette \u00e9l\u00e9gante Kokeshi japonaise appartient au style Shingata, une forme modernis\u00e9e des Kokeshi traditionnelles apparue au d\u00e9but du XXe si\u00e8cle.\",\"breadcrumb\":{\"@id\":\"https:\\\/\\\/kokeshi-dori.fr\\\/index.php\\\/produit\\\/kokeshi-shingata\\\/#breadcrumb\"},\"inLanguage\":\"fr-FR\",\"potentialAction\":[{\"@type\":\"ReadAction\",\"target\":[\"https:\\\/\\\/kokeshi-dori.fr\\\/index.php\\\/produit\\\/kokeshi-shingata\\\/\"]}]},{\"@type\":\"ImageObject\",\"inLanguage\":\"fr-FR\",\"@id\":\"https:\\\/\\\/kokeshi-dori.fr\\\/index.php\\\/produit\\\/kokeshi-shingata\\\/#primaryimage\",\"url\":\"https:\\\/\\\/kokeshi-dori.fr\\\/wp-content\\\/uploads\\\/2026\\\/04\\\/PXL_20251220_1327413932-2-scaled.jpg\",\"contentUrl\":\"https:\\\/\\\/kokeshi-dori.fr\\\/wp-content\\\/uploads\\\/2026\\\/04\\\/PXL_20251220_1327413932-2-scaled.jpg\",\"width\":1928,\"height\":2560},{\"@type\":\"BreadcrumbList\",\"@id\":\"https:\\\/\\\/kokeshi-dori.fr\\\/index.php\\\/produit\\\/kokeshi-shingata\\\/#breadcrumb\",\"itemListElement\":[{\"@type\":\"ListItem\",\"position\":1,\"name\":\"Accueil\",\"item\":\"https:\\\/\\\/kokeshi-dori.fr\\\/\"},{\"@type\":\"ListItem\",\"position\":2,\"name\":\"Boutique\",\"item\":\"https:\\\/\\\/kokeshi-dori.fr\\\/index.php\\\/boutique\\\/\"},{\"@type\":\"ListItem\",\"position\":3,\"name\":\"Kokeshi Shingata\"}]},{\"@type\":\"WebSite\",\"@id\":\"https:\\\/\\\/kokeshi-dori.fr\\\/#website\",\"url\":\"https:\\\/\\\/kokeshi-dori.fr\\\/\",\"name\":\"Kokeshi D\u014dri\",\"description\":\"Des Kokeshi \u00e0 Collectionner !\",\"publisher\":{\"@id\":\"https:\\\/\\\/kokeshi-dori.fr\\\/#organization\"},\"potentialAction\":[{\"@type\":\"SearchAction\",\"target\":{\"@type\":\"EntryPoint\",\"urlTemplate\":\"https:\\\/\\\/kokeshi-dori.fr\\\/?s={search_term_string}\"},\"query-input\":{\"@type\":\"PropertyValueSpecification\",\"valueRequired\":true,\"valueName\":\"search_term_string\"}}],\"inLanguage\":\"fr-FR\"},{\"@type\":\"Organization\",\"@id\":\"https:\\\/\\\/kokeshi-dori.fr\\\/#organization\",\"name\":\"Kokeshi D\u014dri\",\"url\":\"https:\\\/\\\/kokeshi-dori.fr\\\/\",\"logo\":{\"@type\":\"ImageObject\",\"inLanguage\":\"fr-FR\",\"@id\":\"https:\\\/\\\/kokeshi-dori.fr\\\/#\\\/schema\\\/logo\\\/image\\\/\",\"url\":\"https:\\\/\\\/kokeshi-dori.fr\\\/wp-content\\\/uploads\\\/2025\\\/02\\\/cropped-cropped-cropped-cropped-logo-1-rond-vert-1.png\",\"contentUrl\":\"https:\\\/\\\/kokeshi-dori.fr\\\/wp-content\\\/uploads\\\/2025\\\/02\\\/cropped-cropped-cropped-cropped-logo-1-rond-vert-1.png\",\"width\":240,\"height\":239,\"caption\":\"Kokeshi D\u014dri\"},\"image\":{\"@id\":\"https:\\\/\\\/kokeshi-dori.fr\\\/#\\\/schema\\\/logo\\\/image\\\/\"},\"sameAs\":[\"https:\\\/\\\/www.facebook.com\\\/profile.php?id=61572235813689\",\"http:\\\/\\\/instagram.com\\\/kokeshi_dori\\\/\"]}]}<\/script>\n<!-- \/ Yoast SEO plugin. -->","yoast_head_json":{"title":"Kokeshi Shingata - Kokeshi D\u014dri","description":"Cette \u00e9l\u00e9gante Kokeshi japonaise appartient au style Shingata, une forme modernis\u00e9e des Kokeshi traditionnelles apparue au d\u00e9but du XXe si\u00e8cle.","robots":{"index":"index","follow":"follow","max-snippet":"max-snippet:-1","max-image-preview":"max-image-preview:large","max-video-preview":"max-video-preview:-1"},"canonical":"https:\/\/kokeshi-dori.fr\/index.php\/produit\/kokeshi-shingata\/","og_locale":"fr_FR","og_type":"article","og_title":"Kokeshi Shingata - Kokeshi D\u014dri","og_description":"Cette \u00e9l\u00e9gante Kokeshi japonaise appartient au style Shingata, une forme modernis\u00e9e des Kokeshi traditionnelles apparue au d\u00e9but du XXe si\u00e8cle.","og_url":"https:\/\/kokeshi-dori.fr\/index.php\/produit\/kokeshi-shingata\/","og_site_name":"Kokeshi D\u014dri","article_publisher":"https:\/\/www.facebook.com\/profile.php?id=61572235813689","article_modified_time":"2026-04-20T04:32:19+00:00","og_image":[{"width":1928,"height":2560,"url":"https:\/\/kokeshi-dori.fr\/wp-content\/uploads\/2026\/04\/PXL_20251220_1327413932-2-scaled.jpg","type":"image\/jpeg"}],"twitter_card":"summary_large_image","twitter_misc":{"Dur\u00e9e de lecture estim\u00e9e":"1 minute"},"schema":{"@context":"https:\/\/schema.org","@graph":[{"@type":"WebPage","@id":"https:\/\/kokeshi-dori.fr\/index.php\/produit\/kokeshi-shingata\/","url":"https:\/\/kokeshi-dori.fr\/index.php\/produit\/kokeshi-shingata\/","name":"Kokeshi Shingata - Kokeshi D\u014dri","isPartOf":{"@id":"https:\/\/kokeshi-dori.fr\/#website"},"primaryImageOfPage":{"@id":"https:\/\/kokeshi-dori.fr\/index.php\/produit\/kokeshi-shingata\/#primaryimage"},"image":{"@id":"https:\/\/kokeshi-dori.fr\/index.php\/produit\/kokeshi-shingata\/#primaryimage"},"thumbnailUrl":"https:\/\/kokeshi-dori.fr\/wp-content\/uploads\/2026\/04\/PXL_20251220_1327413932-2-scaled.jpg","datePublished":"2026-04-20T04:32:18+00:00","dateModified":"2026-04-20T04:32:19+00:00","description":"Cette \u00e9l\u00e9gante Kokeshi japonaise appartient au style Shingata, une forme modernis\u00e9e des Kokeshi traditionnelles apparue au d\u00e9but du XXe si\u00e8cle.","breadcrumb":{"@id":"https:\/\/kokeshi-dori.fr\/index.php\/produit\/kokeshi-shingata\/#breadcrumb"},"inLanguage":"fr-FR","potentialAction":[{"@type":"ReadAction","target":["https:\/\/kokeshi-dori.fr\/index.php\/produit\/kokeshi-shingata\/"]}]},{"@type":"ImageObject","inLanguage":"fr-FR","@id":"https:\/\/kokeshi-dori.fr\/index.php\/produit\/kokeshi-shingata\/#primaryimage","url":"https:\/\/kokeshi-dori.fr\/wp-content\/uploads\/2026\/04\/PXL_20251220_1327413932-2-scaled.jpg","contentUrl":"https:\/\/kokeshi-dori.fr\/wp-content\/uploads\/2026\/04\/PXL_20251220_1327413932-2-scaled.jpg","width":1928,"height":2560},{"@type":"BreadcrumbList","@id":"https:\/\/kokeshi-dori.fr\/index.php\/produit\/kokeshi-shingata\/#breadcrumb","itemListElement":[{"@type":"ListItem","position":1,"name":"Accueil","item":"https:\/\/kokeshi-dori.fr\/"},{"@type":"ListItem","position":2,"name":"Boutique","item":"https:\/\/kokeshi-dori.fr\/index.php\/boutique\/"},{"@type":"ListItem","position":3,"name":"Kokeshi Shingata"}]},{"@type":"WebSite","@id":"https:\/\/kokeshi-dori.fr\/#website","url":"https:\/\/kokeshi-dori.fr\/","name":"Kokeshi D\u014dri","description":"Des Kokeshi \u00e0 Collectionner !","publisher":{"@id":"https:\/\/kokeshi-dori.fr\/#organization"},"potentialAction":[{"@type":"SearchAction","target":{"@type":"EntryPoint","urlTemplate":"https:\/\/kokeshi-dori.fr\/?s={search_term_string}"},"query-input":{"@type":"PropertyValueSpecification","valueRequired":true,"valueName":"search_term_string"}}],"inLanguage":"fr-FR"},{"@type":"Organization","@id":"https:\/\/kokeshi-dori.fr\/#organization","name":"Kokeshi D\u014dri","url":"https:\/\/kokeshi-dori.fr\/","logo":{"@type":"ImageObject","inLanguage":"fr-FR","@id":"https:\/\/kokeshi-dori.fr\/#\/schema\/logo\/image\/","url":"https:\/\/kokeshi-dori.fr\/wp-content\/uploads\/2025\/02\/cropped-cropped-cropped-cropped-logo-1-rond-vert-1.png","contentUrl":"https:\/\/kokeshi-dori.fr\/wp-content\/uploads\/2025\/02\/cropped-cropped-cropped-cropped-logo-1-rond-vert-1.png","width":240,"height":239,"caption":"Kokeshi D\u014dri"},"image":{"@id":"https:\/\/kokeshi-dori.fr\/#\/schema\/logo\/image\/"},"sameAs":["https:\/\/www.facebook.com\/profile.php?id=61572235813689","http:\/\/instagram.com\/kokeshi_dori\/"]}]}},"_links":{"self":[{"href":"https:\/\/kokeshi-dori.fr\/index.php\/wp-json\/wp\/v2\/product\/5807","targetHints":{"allow":["GET"]}}],"collection":[{"href":"https:\/\/kokeshi-dori.fr\/index.php\/wp-json\/wp\/v2\/product"}],"about":[{"href":"https:\/\/kokeshi-dori.fr\/index.php\/wp-json\/wp\/v2\/types\/product"}],"wp:featuredmedia":[{"embeddable":true,"href":"https:\/\/kokeshi-dori.fr\/index.php\/wp-json\/wp\/v2\/media\/5814"}],"wp:attachment":[{"href":"https:\/\/kokeshi-dori.fr\/index.php\/wp-json\/wp\/v2\/media?parent=5807"}],"wp:term":[{"taxonomy":"product_brand","embeddable":true,"href":"https:\/\/kokeshi-dori.fr\/index.php\/wp-json\/wp\/v2\/product_brand?post=5807"},{"taxonomy":"product_cat","embeddable":true,"href":"https:\/\/kokeshi-dori.fr\/index.php\/wp-json\/wp\/v2\/product_cat?post=5807"},{"taxonomy":"product_tag","embeddable":true,"href":"https:\/\/kokeshi-dori.fr\/index.php\/wp-json\/wp\/v2\/product_tag?post=5807"}],"curies":[{"name":"wp","href":"https:\/\/api.w.org\/{rel}","templated":true}]}}